{"id":87,"date":"2023-03-01T17:08:12","date_gmt":"2023-03-01T17:08:12","guid":{"rendered":"https:\/\/sequorogroup.com\/?page_id=87"},"modified":"2023-03-09T18:43:15","modified_gmt":"2023-03-09T23:43:15","slug":"ventajas","status":"publish","type":"page","link":"https:\/\/sequorogroup.com\/english\/ventajas\/","title":{"rendered":"ADVANTAGES"},"content":{"rendered":"<div data-elementor-type=\"wp-page\" data-elementor-id=\"87\" class=\"elementor elementor-87\" data-elementor-post-type=\"page\">\n\t\t\t\t\t\t<section class=\"elementor-section elementor-top-section elementor-element elementor-element-5932a5b elementor-section-boxed elementor-section-height-default elementor-section-height-default\" data-id=\"5932a5b\" data-element_type=\"section\" data-e-type=\"section\">\n\t\t\t\t\t\t\t<div class=\"elementor-background-overlay\"><\/div>\n\t\t\t\t\t\t\t<div class=\"elementor-container elementor-column-gap-default\">\n\t\t\t\t\t<div class=\"elementor-column elementor-col-100 elementor-top-column elementor-element elementor-element-3c44d06\" data-id=\"3c44d06\" data-element_type=\"column\" data-e-type=\"column\">\n\t\t\t<div class=\"elementor-widget-wrap elementor-element-populated\">\n\t\t\t\t\t\t<section class=\"elementor-section elementor-inner-section elementor-element elementor-element-7a36695 elementor-section-boxed elementor-section-height-default elementor-section-height-default\" data-id=\"7a36695\" data-element_type=\"section\" data-e-type=\"section\">\n\t\t\t\t\t\t<div class=\"elementor-container elementor-column-gap-default\">\n\t\t\t\t\t<div class=\"elementor-column elementor-col-50 elementor-inner-column elementor-element elementor-element-8f559d1\" data-id=\"8f559d1\" data-element_type=\"column\" data-e-type=\"column\" data-settings=\"{&quot;background_background&quot;:&quot;classic&quot;}\">\n\t\t\t<div class=\"elementor-widget-wrap elementor-element-populated\">\n\t\t\t\t\t\t<div class=\"elementor-element elementor-element-7227fdc elementor-widget elementor-widget-spacer\" data-id=\"7227fdc\" data-element_type=\"widget\" data-e-type=\"widget\" data-widget_type=\"spacer.default\">\n\t\t\t\t<div class=\"elementor-widget-container\">\n\t\t\t\t\t\t\t<div class=\"elementor-spacer\">\n\t\t\t<div class=\"elementor-spacer-inner\"><\/div>\n\t\t<\/div>\n\t\t\t\t\t\t<\/div>\n\t\t\t\t<\/div>\n\t\t\t\t<div class=\"elementor-element elementor-element-5fe8719 elementor-widget elementor-widget-text-editor\" data-id=\"5fe8719\" data-element_type=\"widget\" data-e-type=\"widget\" data-widget_type=\"text-editor.default\">\n\t\t\t\t<div class=\"elementor-widget-container\">\n\t\t\t\t\t\t\t\t\t<center><span style=\"font-family: 'Libre Baskerville'; font-size: 24px; font-style: normal; font-weight: bold; letter-spacing: 2px;\">ADVANTAGES<\/span><\/center>\t\t\t\t\t\t\t\t<\/div>\n\t\t\t\t<\/div>\n\t\t\t\t<div class=\"elementor-element elementor-element-c3732a9 elementor-widget elementor-widget-spacer\" data-id=\"c3732a9\" data-element_type=\"widget\" data-e-type=\"widget\" data-widget_type=\"spacer.default\">\n\t\t\t\t<div class=\"elementor-widget-container\">\n\t\t\t\t\t\t\t<div class=\"elementor-spacer\">\n\t\t\t<div class=\"elementor-spacer-inner\"><\/div>\n\t\t<\/div>\n\t\t\t\t\t\t<\/div>\n\t\t\t\t<\/div>\n\t\t\t\t\t<\/div>\n\t\t<\/div>\n\t\t\t\t<div class=\"elementor-column elementor-col-50 elementor-inner-column elementor-element elementor-element-f1c8a04\" data-id=\"f1c8a04\" data-element_type=\"column\" data-e-type=\"column\">\n\t\t\t<div class=\"elementor-widget-wrap elementor-element-populated\">\n\t\t\t\t\t\t<div class=\"elementor-element elementor-element-e020cfa elementor-widget elementor-widget-text-editor\" data-id=\"e020cfa\" data-element_type=\"widget\" data-e-type=\"widget\" data-widget_type=\"text-editor.default\">\n\t\t\t\t<div class=\"elementor-widget-container\">\n\t\t\t\t\t\t\t\t\t<div style=\"color: #333333; margin-right:5px; font-family: 'Source Sans Pro'; font-size: 18px; font-style: normal; font-weight: 400; text-align: justify; margin:50px;\">\n<p>Our team is made up of certified expert professionals in financial planning, insurance specialists and tax advisors, among others. <\/p>\n<p>\nWe are distinguished by our consultative process with high discretion and efficiency to generate customized financial solutions for individuals and families with high net worth, as well as for companies.<\/p>\n<p>\nWe are allies of leading companies in the life insurance industry that offer coverage in Latin America<\/p>\nThe structure of a Life Insurance as an \u201casset class\u201d allows:\n<ul>\n<li>Contribute only a percentage of liquid assets<\/li>\n<li>Recover the investment and receive in the future a significant amount that increases the value of the assets.<\/li>\n<li>Protect the assets that you have within this solution in regard to tax, legal and stock market issues.<\/li>\n<\/ul>\n<\/div>\t\t\t\t\t\t\t\t<\/div>\n\t\t\t\t<\/div>\n\t\t\t\t\t<\/div>\n\t\t<\/div>\n\t\t\t\t\t<\/div>\n\t\t<\/section>\n\t\t\t\t\t<\/div>\n\t\t<\/div>\n\t\t\t\t\t<\/div>\n\t\t<\/section>\n\t\t\t\t<\/div>","protected":false},"excerpt":{"rendered":"<p>VENTAJAS Nuestro equipo esta constituido por profesionales expertos certificados en planificaci\u00f3n financiera, especialistas en seguros y asesores fiscales, entre otros. Nos distinguen nuestra alta discreci\u00f3n y eficiencia para generar soluciones financieras a medida para personas y familias con alto valor patrimonial, as\u00ed como para empresas. Somos aliados de empresas l\u00edderes en la industria de seguros [&hellip;]<\/p>\n","protected":false},"author":3,"featured_media":0,"parent":0,"menu_order":0,"comment_status":"closed","ping_status":"closed","template":"elementor_header_footer","meta":{"_coblocks_attr":"","_coblocks_dimensions":"","_coblocks_responsive_height":"","_coblocks_accordion_ie_support":"","hide_page_title":"","footnotes":""},"class_list":["post-87","page","type-page","status-publish","hentry"],"_links":{"self":[{"href":"https:\/\/sequorogroup.com\/english\/wp-json\/wp\/v2\/pages\/87","targetHints":{"allow":["GET"]}}],"collection":[{"href":"https:\/\/sequorogroup.com\/english\/wp-json\/wp\/v2\/pages"}],"about":[{"href":"https:\/\/sequorogroup.com\/english\/wp-json\/wp\/v2\/types\/page"}],"author":[{"embeddable":true,"href":"https:\/\/sequorogroup.com\/english\/wp-json\/wp\/v2\/users\/3"}],"replies":[{"embeddable":true,"href":"https:\/\/sequorogroup.com\/english\/wp-json\/wp\/v2\/comments?post=87"}],"version-history":[{"count":10,"href":"https:\/\/sequorogroup.com\/english\/wp-json\/wp\/v2\/pages\/87\/revisions"}],"predecessor-version":[{"id":1870,"href":"https:\/\/sequorogroup.com\/english\/wp-json\/wp\/v2\/pages\/87\/revisions\/1870"}],"wp:attachment":[{"href":"https:\/\/sequorogroup.com\/english\/wp-json\/wp\/v2\/media?parent=87"}],"curies":[{"name":"wp","href":"https:\/\/api.w.org\/{rel}","templated":true}]}}